{"id":90,"date":"2024-06-12T18:12:55","date_gmt":"2024-06-12T16:12:55","guid":{"rendered":"https:\/\/www.in-trafoods.es\/?page_id=90"},"modified":"2024-06-17T08:32:14","modified_gmt":"2024-06-17T06:32:14","slug":"aviso-legal","status":"publish","type":"page","link":"https:\/\/www.in-trafoods.es\/index.php\/aviso-legal\/","title":{"rendered":"Aviso Legal"},"content":{"rendered":"\n<div style=\"height:132px\" aria-hidden=\"true\" class=\"wp-block-spacer\"><\/div>\n\n\n\n<p>El responsable de esta p\u00e1gina web es: IN-TRA FOODS, SL, sociedad inscrita en el Registro Mercantil de <em><em>Alicante<\/em><\/em> tomo 4537 folio 100 hoja A183405<em><em>, con C.I.F. B72964695 y domicilio social en C\/ Na Saurina D&#8217;Entenza, N99,03803, Alcoy (ALICANTE). <\/em><\/em><\/p>\n\n\n\n<p><em><em>Tambi\u00e9n puedes contactar con nosotros a trav\u00e9s del n\u00famero de tel\u00e9fono N\u00ba +34 865 55 06 06<\/em><\/em> o a trav\u00e9s de la siguiente direcci\u00f3n de e-mail: nevio.graber@in-trafoods.com.<\/p>\n\n\n\n<h3 class=\"wp-block-heading\">Propiedad Intelectual e Industrial<\/h3>\n\n\n\n<p>El dise\u00f1o de este sitio web y sus c\u00f3digos fuente, as\u00ed como los logos, marcas y dem\u00e1s signos distintivos que aparecen en el mismo pertenecen a IN-TRA FOODS, SL y est\u00e1n protegidos por los correspondientes derechos de propiedad intelectual e industrial.<\/p>\n\n\n\n<h3 class=\"wp-block-heading\">Responsabilidad de los contenidos<\/h3>\n\n\n\n<p>IN-TRA FOODS, SL no se hace responsable de la legalidad de otros sitios web de terceros desde los que pueda accederse a esta web. IN-TRA FOODS, SL tampoco responde por la legalidad de otros sitios web de terceros, que pudieran estar vinculados o enlazados desde esta web.<br>IN-TRA FOODS, SL se reserva el derecho a realizar cambios en el sitio web sin previo aviso, al objeto de mantener actualizada su informaci\u00f3n, a\u00f1adiendo, modificando, corrigiendo o eliminando los contenidos publicados o el dise\u00f1o del portal.<br>IN-TRA FOODS, SL no ser\u00e1 responsable del uso que terceros hagan de la informaci\u00f3n publicada en el portal, ni tampoco de los da\u00f1os sufridos o p\u00e9rdidas econ\u00f3micas que, de forma directa o indirecta, produzcan o puedan producir perjuicios econ\u00f3micos, materiales o sobre datos, provocados por el uso de dicha informaci\u00f3n.<\/p>\n\n\n\n<h2 class=\"wp-block-heading\">Reproducci\u00f3n de contenidos<\/h2>\n\n\n\n<p>Se proh\u00edbe la reproducci\u00f3n total o parcial de los contenidos publicados en esta web sin la autorizaci\u00f3n previa y por escrito de IN-TRA FOODS, SL. Toda la informaci\u00f3n relativa a privacidad, la tienes en nuestra Pol\u00edtica de Privacidad.<\/p>\n","protected":false},"excerpt":{"rendered":"<p>El responsable de esta p\u00e1gina web es: IN-TRA FOODS, SL, sociedad inscrita en el Registro Mercantil de Alicante tomo 4537 folio 100 hoja A183405, con C.I.F. B72964695 y domicilio social en C\/ Na Saurina D&#8217;Entenza, N99,03803, Alcoy (ALICANTE). Tambi\u00e9n puedes contactar con nosotros a trav\u00e9s del n\u00famero de tel\u00e9fono N\u00ba +34 865 55 06 06 &hellip;<\/p>\n<p class=\"read-more\"> <a class=\"\" href=\"https:\/\/www.in-trafoods.es\/index.php\/aviso-legal\/\"> <span class=\"screen-reader-text\">Aviso Legal<\/span> Leer m\u00e1s &raquo;<\/a><\/p>\n","protected":false},"author":1,"featured_media":0,"parent":0,"menu_order":0,"comment_status":"closed","ping_status":"closed","template":"","meta":{"site-sidebar-layout":"default","site-content-layout":"default","ast-global-header-display":"","ast-main-header-display":"","ast-hfb-above-header-display":"","ast-hfb-below-header-display":"","ast-hfb-mobile-header-display":"","site-post-title":"disabled","ast-breadcrumbs-content":"","ast-featured-img":"","footer-sml-layout":"","theme-transparent-header-meta":"","adv-header-id-meta":"","stick-header-meta":"","header-above-stick-meta":"","header-main-stick-meta":"","header-below-stick-meta":"","footnotes":""},"class_list":["post-90","page","type-page","status-publish","hentry"],"_links":{"self":[{"href":"https:\/\/www.in-trafoods.es\/index.php\/wp-json\/wp\/v2\/pages\/90","targetHints":{"allow":["GET"]}}],"collection":[{"href":"https:\/\/www.in-trafoods.es\/index.php\/wp-json\/wp\/v2\/pages"}],"about":[{"href":"https:\/\/www.in-trafoods.es\/index.php\/wp-json\/wp\/v2\/types\/page"}],"author":[{"embeddable":true,"href":"https:\/\/www.in-trafoods.es\/index.php\/wp-json\/wp\/v2\/users\/1"}],"replies":[{"embeddable":true,"href":"https:\/\/www.in-trafoods.es\/index.php\/wp-json\/wp\/v2\/comments?post=90"}],"version-history":[{"count":7,"href":"https:\/\/www.in-trafoods.es\/index.php\/wp-json\/wp\/v2\/pages\/90\/revisions"}],"predecessor-version":[{"id":111,"href":"https:\/\/www.in-trafoods.es\/index.php\/wp-json\/wp\/v2\/pages\/90\/revisions\/111"}],"wp:attachment":[{"href":"https:\/\/www.in-trafoods.es\/index.php\/wp-json\/wp\/v2\/media?parent=90"}],"curies":[{"name":"wp","href":"https:\/\/api.w.org\/{rel}","templated":true}]}}